{"id":47,"date":"2026-01-15T18:31:04","date_gmt":"2026-01-15T18:31:04","guid":{"rendered":"https:\/\/expansionss.com\/?page_id=47"},"modified":"2026-01-20T03:44:35","modified_gmt":"2026-01-20T03:44:35","slug":"expansions","status":"publish","type":"page","link":"https:\/\/expansionss.com\/?page_id=47","title":{"rendered":"Expansions"},"content":{"rendered":"\t\t<div data-elementor-type=\"wp-page\" data-elementor-id=\"47\" class=\"elementor elementor-47\" data-elementor-post-type=\"page\">\n\t\t\t\t<div class=\"elementor-element elementor-element-2c69f5c e-flex e-con-boxed e-con e-parent\" data-id=\"2c69f5c\" data-element_type=\"container\" data-settings=\"{&quot;background_background&quot;:&quot;classic&quot;}\">\n\t\t\t\t\t<div class=\"e-con-inner\">\n\t\t<div class=\"elementor-element elementor-element-4203886 e-flex e-con-boxed e-con e-child\" data-id=\"4203886\" data-element_type=\"container\">\n\t\t\t\t\t<div class=\"e-con-inner\">\n\t\t\t\t<div class=\"elementor-element elementor-element-d5df637 elementor-widget elementor-widget-heading\" data-id=\"d5df637\" data-element_type=\"widget\" data-widget_type=\"heading.default\">\n\t\t\t\t\t<h2 class=\"elementor-heading-title elementor-size-default\">EXPANSIONS<\/h2>\t\t\t\t<\/div>\n\t\t\t\t<div class=\"elementor-element elementor-element-ba28525 elementor-widget-divider--view-line elementor-widget elementor-widget-divider\" data-id=\"ba28525\" data-element_type=\"widget\" data-widget_type=\"divider.default\">\n\t\t\t\t\t\t\t<div class=\"elementor-divider\">\n\t\t\t<span class=\"elementor-divider-separator\">\n\t\t\t\t\t\t<\/span>\n\t\t<\/div>\n\t\t\t\t\t\t<\/div>\n\t\t\t\t<div class=\"elementor-element elementor-element-b380a9b elementor-widget elementor-widget-heading\" data-id=\"b380a9b\" data-element_type=\"widget\" data-widget_type=\"heading.default\">\n\t\t\t\t\t<h2 class=\"elementor-heading-title elementor-size-default\">Cuidar la mente no es opcional. Es cuidar lo que eres y lo que construyes.<\/h2>\t\t\t\t<\/div>\n\t\t\t\t<div class=\"elementor-element elementor-element-8794b11 elementor-widget elementor-widget-text-editor\" data-id=\"8794b11\" data-element_type=\"widget\" data-widget_type=\"text-editor.default\">\n\t\t\t\t\t\t\t\t\t<p><span style=\"white-space-collapse: preserve;\">Es el servicio de salud mental, en donde con especialistas y profesionales capacitamos grupos de empresas, promoviendo el bienestar emocional laboral y personal, formando a seres humanos m\u00e1s productivos, conscientes, con sentido de pertenencia y prop\u00f3sito existencial, lo que se traduce a un n\u00facleo mas efectivo y eficaz, al mismo tiempo que genera una renovaci\u00f3n en todos los aspectos humanos de cada integrante. Como servicio individual confiere consulta y terapia psicol\u00f3gica.<\/span><\/p>\t\t\t\t\t\t\t\t<\/div>\n\t\t\t\t\t<\/div>\n\t\t\t\t<\/div>\n\t\t<div class=\"elementor-element elementor-element-2f5d563 e-flex e-con-boxed e-con e-child\" data-id=\"2f5d563\" data-element_type=\"container\">\n\t\t\t\t\t<div class=\"e-con-inner\">\n\t\t\t\t<div class=\"elementor-element elementor-element-8acad24 elementor-absolute elementor-widget elementor-widget-heading\" data-id=\"8acad24\" data-element_type=\"widget\" data-settings=\"{&quot;_position&quot;:&quot;absolute&quot;}\" data-widget_type=\"heading.default\">\n\t\t\t\t\t<h2 class=\"elementor-heading-title elementor-size-default\">04<\/h2>\t\t\t\t<\/div>\n\t\t\t\t\t<\/div>\n\t\t\t\t<\/div>\n\t\t\t\t\t<\/div>\n\t\t\t\t<\/div>\n\t\t<div class=\"elementor-element elementor-element-3893be8 e-flex e-con-boxed e-con e-parent\" data-id=\"3893be8\" data-element_type=\"container\" data-settings=\"{&quot;background_background&quot;:&quot;classic&quot;}\">\n\t\t\t\t\t<div class=\"e-con-inner\">\n\t\t<div class=\"elementor-element elementor-element-8af7621 e-con-full e-flex e-con e-child\" data-id=\"8af7621\" data-element_type=\"container\">\n\t\t<div class=\"elementor-element elementor-element-dc2202d e-con-full e-flex e-con e-child\" data-id=\"dc2202d\" data-element_type=\"container\">\n\t\t\t\t<div class=\"elementor-element elementor-element-8b0d93b elementor-widget elementor-widget-image\" data-id=\"8b0d93b\" data-element_type=\"widget\" data-widget_type=\"image.default\">\n\t\t\t\t\t\t\t\t\t\t\t\t\t\t\t<img fetchpriority=\"high\" decoding=\"async\" width=\"688\" height=\"1024\" src=\"https:\/\/expansionss.com\/wp-content\/uploads\/2026\/01\/Rectangle-56-1-688x1024.png\" class=\"attachment-large size-large wp-image-142\" alt=\"\" srcset=\"https:\/\/expansionss.com\/wp-content\/uploads\/2026\/01\/Rectangle-56-1-688x1024.png 688w, https:\/\/expansionss.com\/wp-content\/uploads\/2026\/01\/Rectangle-56-1-202x300.png 202w, https:\/\/expansionss.com\/wp-content\/uploads\/2026\/01\/Rectangle-56-1-768x1143.png 768w, https:\/\/expansionss.com\/wp-content\/uploads\/2026\/01\/Rectangle-56-1-1032x1536.png 1032w, https:\/\/expansionss.com\/wp-content\/uploads\/2026\/01\/Rectangle-56-1.png 1099w\" sizes=\"(max-width: 688px) 100vw, 688px\" \/>\t\t\t\t\t\t\t\t\t\t\t\t\t\t\t<\/div>\n\t\t\t\t<\/div>\n\t\t<div class=\"elementor-element elementor-element-fd6ea35 e-con-full e-flex e-con e-child\" data-id=\"fd6ea35\" data-element_type=\"container\">\n\t\t<div class=\"elementor-element elementor-element-0fa7eb3 e-con-full e-flex e-con e-child\" data-id=\"0fa7eb3\" data-element_type=\"container\">\n\t\t\t\t<div class=\"elementor-element elementor-element-c039d5e elementor-widget elementor-widget-image\" data-id=\"c039d5e\" data-element_type=\"widget\" data-widget_type=\"image.default\">\n\t\t\t\t\t\t\t\t\t\t\t\t\t\t\t<img decoding=\"async\" width=\"800\" height=\"408\" src=\"https:\/\/expansionss.com\/wp-content\/uploads\/2026\/01\/Rectangle-62-1-1024x522.png\" class=\"attachment-large size-large wp-image-141\" alt=\"\" srcset=\"https:\/\/expansionss.com\/wp-content\/uploads\/2026\/01\/Rectangle-62-1-1024x522.png 1024w, https:\/\/expansionss.com\/wp-content\/uploads\/2026\/01\/Rectangle-62-1-300x153.png 300w, https:\/\/expansionss.com\/wp-content\/uploads\/2026\/01\/Rectangle-62-1-768x392.png 768w, https:\/\/expansionss.com\/wp-content\/uploads\/2026\/01\/Rectangle-62-1-1536x783.png 1536w, https:\/\/expansionss.com\/wp-content\/uploads\/2026\/01\/Rectangle-62-1.png 1549w\" sizes=\"(max-width: 800px) 100vw, 800px\" \/>\t\t\t\t\t\t\t\t\t\t\t\t\t\t\t<\/div>\n\t\t\t\t<\/div>\n\t\t<div class=\"elementor-element elementor-element-c8a17a0 e-con-full e-flex e-con e-child\" data-id=\"c8a17a0\" data-element_type=\"container\">\n\t\t\t\t<div class=\"elementor-element elementor-element-c51ad99 elementor-widget elementor-widget-image\" data-id=\"c51ad99\" data-element_type=\"widget\" data-widget_type=\"image.default\">\n\t\t\t\t\t\t\t\t\t\t\t\t\t\t\t<img decoding=\"async\" width=\"716\" height=\"747\" src=\"https:\/\/expansionss.com\/wp-content\/uploads\/2026\/01\/Rectangle-63.png\" class=\"attachment-large size-large wp-image-140\" alt=\"\" srcset=\"https:\/\/expansionss.com\/wp-content\/uploads\/2026\/01\/Rectangle-63.png 716w, https:\/\/expansionss.com\/wp-content\/uploads\/2026\/01\/Rectangle-63-288x300.png 288w\" sizes=\"(max-width: 716px) 100vw, 716px\" \/>\t\t\t\t\t\t\t\t\t\t\t\t\t\t\t<\/div>\n\t\t\t\t<div class=\"elementor-element elementor-element-8140311 elementor-widget elementor-widget-image\" data-id=\"8140311\" data-element_type=\"widget\" data-widget_type=\"image.default\">\n\t\t\t\t\t\t\t\t\t\t\t\t\t\t\t<img loading=\"lazy\" decoding=\"async\" width=\"731\" height=\"747\" src=\"https:\/\/expansionss.com\/wp-content\/uploads\/2026\/01\/Rectangle-64.png\" class=\"attachment-large size-large wp-image-139\" alt=\"\" srcset=\"https:\/\/expansionss.com\/wp-content\/uploads\/2026\/01\/Rectangle-64.png 731w, https:\/\/expansionss.com\/wp-content\/uploads\/2026\/01\/Rectangle-64-294x300.png 294w\" sizes=\"(max-width: 731px) 100vw, 731px\" \/>\t\t\t\t\t\t\t\t\t\t\t\t\t\t\t<\/div>\n\t\t\t\t<\/div>\n\t\t\t\t<\/div>\n\t\t\t\t<\/div>\n\t\t<div class=\"elementor-element elementor-element-dd55493 e-con-full e-flex e-con e-child\" data-id=\"dd55493\" data-element_type=\"container\">\n\t\t\t\t<div class=\"elementor-element elementor-element-e8116d6 elementor-widget elementor-widget-heading\" data-id=\"e8116d6\" data-element_type=\"widget\" data-widget_type=\"heading.default\">\n\t\t\t\t\t<h2 class=\"elementor-heading-title elementor-size-default\">Qu\u00e9 hacemos en  <br>OSSINT HEALTH<\/h2>\t\t\t\t<\/div>\n\t\t\t\t<div class=\"elementor-element elementor-element-a2a81b2 elementor-widget-divider--view-line elementor-widget elementor-widget-divider\" data-id=\"a2a81b2\" data-element_type=\"widget\" data-widget_type=\"divider.default\">\n\t\t\t\t\t\t\t<div class=\"elementor-divider\">\n\t\t\t<span class=\"elementor-divider-separator\">\n\t\t\t\t\t\t<\/span>\n\t\t<\/div>\n\t\t\t\t\t\t<\/div>\n\t\t\t\t<div class=\"elementor-element elementor-element-523c423 elementor-widget elementor-widget-text-editor\" data-id=\"523c423\" data-element_type=\"widget\" data-widget_type=\"text-editor.default\">\n\t\t\t\t\t\t\t\t\t<p>El bienestar no es un lujo ni un accidente; es una elecci\u00f3n consciente que transforma la vida. OSSINT HEALTH es la divisi\u00f3n de salud mental de OSSINT, creada para acompa\u00f1ar a personas y organizaciones que buscan equilibrio, claridad y crecimiento personal. Contamos con profesionales especializados que ofrecen apoyo psicol\u00f3gico, emocional y terap\u00e9utico, adaptado a cada necesidad. Nuestro objetivo es brindarte un espacio seguro donde puedas fortalecer tu bienestar, desarrollar herramientas para tu d\u00eda a d\u00eda y avanzar hacia una vida m\u00e1s plena y saludable.<\/p>\t\t\t\t\t\t\t\t<\/div>\n\t\t\t\t<div class=\"elementor-element elementor-element-0d9f8df elementor-widget elementor-widget-button\" data-id=\"0d9f8df\" data-element_type=\"widget\" data-widget_type=\"button.default\">\n\t\t\t\t\t\t\t\t\t\t<a class=\"elementor-button elementor-button-link elementor-size-sm elementor-animation-grow\" href=\"#\">\n\t\t\t\t\t\t<span class=\"elementor-button-content-wrapper\">\n\t\t\t\t\t\t<span class=\"elementor-button-icon\">\n\t\t\t\t<svg aria-hidden=\"true\" class=\"e-font-icon-svg e-far-arrow-alt-circle-right\" viewBox=\"0 0 512 512\" xmlns=\"http:\/\/www.w3.org\/2000\/svg\"><path d=\"M504 256C504 119 393 8 256 8S8 119 8 256s111 248 248 248 248-111 248-248zm-448 0c0-110.5 89.5-200 200-200s200 89.5 200 200-89.5 200-200 200S56 366.5 56 256zm72 20v-40c0-6.6 5.4-12 12-12h116v-67c0-10.7 12.9-16 20.5-8.5l99 99c4.7 4.7 4.7 12.3 0 17l-99 99c-7.6 7.6-20.5 2.2-20.5-8.5v-67H140c-6.6 0-12-5.4-12-12z\"><\/path><\/svg>\t\t\t<\/span>\n\t\t\t\t\t\t\t\t\t<span class=\"elementor-button-text\">Trabaja con nosotros<\/span>\n\t\t\t\t\t<\/span>\n\t\t\t\t\t<\/a>\n\t\t\t\t\t\t\t\t<\/div>\n\t\t\t\t<\/div>\n\t\t\t\t\t<\/div>\n\t\t\t\t<\/div>\n\t\t<div class=\"elementor-element elementor-element-8f97e71 e-flex e-con-boxed e-con e-parent\" data-id=\"8f97e71\" data-element_type=\"container\" data-settings=\"{&quot;background_background&quot;:&quot;classic&quot;}\">\n\t\t\t\t\t<div class=\"e-con-inner\">\n\t\t<div class=\"elementor-element elementor-element-42d8435 e-con-full e-flex e-con e-child\" data-id=\"42d8435\" data-element_type=\"container\">\n\t\t\t\t<div class=\"elementor-element elementor-element-975f02b elementor-widget elementor-widget-heading\" data-id=\"975f02b\" data-element_type=\"widget\" data-widget_type=\"heading.default\">\n\t\t\t\t\t<h2 class=\"elementor-heading-title elementor-size-default\">OSSINT BLOG<\/h2>\t\t\t\t<\/div>\n\t\t\t\t<div class=\"elementor-element elementor-element-8a502cb elementor-widget elementor-widget-heading\" data-id=\"8a502cb\" data-element_type=\"widget\" data-widget_type=\"heading.default\">\n\t\t\t\t\t<h2 class=\"elementor-heading-title elementor-size-default\">Libera la voz de tu alma, Inmortaliza <br>tu historia en cada escena<\/h2>\t\t\t\t<\/div>\n\t\t\t\t<div class=\"elementor-element elementor-element-ac6d096 elementor-widget elementor-widget-button\" data-id=\"ac6d096\" data-element_type=\"widget\" data-widget_type=\"button.default\">\n\t\t\t\t\t\t\t\t\t\t<a class=\"elementor-button elementor-button-link elementor-size-sm elementor-animation-grow\" href=\"#\">\n\t\t\t\t\t\t<span class=\"elementor-button-content-wrapper\">\n\t\t\t\t\t\t<span class=\"elementor-button-icon\">\n\t\t\t\t<svg aria-hidden=\"true\" class=\"e-font-icon-svg e-fas-play-circle\" viewBox=\"0 0 512 512\" xmlns=\"http:\/\/www.w3.org\/2000\/svg\"><path d=\"M256 8C119 8 8 119 8 256s111 248 248 248 248-111 248-248S393 8 256 8zm115.7 272l-176 101c-15.8 8.8-35.7-2.5-35.7-21V152c0-18.4 19.8-29.8 35.7-21l176 107c16.4 9.2 16.4 32.9 0 42z\"><\/path><\/svg>\t\t\t<\/span>\n\t\t\t\t\t\t\t\t\t<span class=\"elementor-button-text\">Ver video<\/span>\n\t\t\t\t\t<\/span>\n\t\t\t\t\t<\/a>\n\t\t\t\t\t\t\t\t<\/div>\n\t\t\t\t<div class=\"elementor-element elementor-element-e71dc38 elementor-widget elementor-widget-text-editor\" data-id=\"e71dc38\" data-element_type=\"widget\" data-widget_type=\"text-editor.default\">\n\t\t\t\t\t\t\t\t\t<p><span style=\"white-space-collapse: preserve;\">Este servicio se especializa en la producci\u00f3n comercial y cinematogr\u00e1fica. Contamos con un equipo profesional de imagen y sonido que se encarga de grabar y editar todo el contenido visual de tu marca: desde fotograf\u00eda de producto y videos publicitarios, hasta piezas emocionales que refuerzan tu identidad visual. Adem\u00e1s, como productora desarrollamos proyectos cinematogr\u00e1ficos que van desde cortometrajes hasta largometrajes.<\/span><\/p>\t\t\t\t\t\t\t\t<\/div>\n\t\t\t\t<\/div>\n\t\t<div class=\"elementor-element elementor-element-b61353f e-con-full e-flex e-con e-child\" data-id=\"b61353f\" data-element_type=\"container\">\n\t\t\t\t<div class=\"elementor-element elementor-element-b4e4efc elementor-widget elementor-widget-video\" data-id=\"b4e4efc\" data-element_type=\"widget\" data-settings=\"{&quot;youtube_url&quot;:&quot;https:\\\/\\\/www.youtube.com\\\/watch?v=XHOmBV4js_E&quot;,&quot;show_image_overlay&quot;:&quot;yes&quot;,&quot;image_overlay&quot;:{&quot;url&quot;:&quot;https:\\\/\\\/elbandocreativo.com\\\/ossint\\\/wp-content\\\/uploads\\\/2026\\\/01\\\/Rectangle-68-1.png&quot;,&quot;id&quot;:174,&quot;size&quot;:&quot;&quot;,&quot;alt&quot;:&quot;&quot;,&quot;source&quot;:&quot;library&quot;},&quot;video_type&quot;:&quot;youtube&quot;,&quot;controls&quot;:&quot;yes&quot;}\" data-widget_type=\"video.default\">\n\t\t\t\t\t\t\t<div class=\"elementor-wrapper elementor-open-inline\">\n\t\t\t<div class=\"elementor-video\"><\/div>\t\t\t\t<div class=\"elementor-custom-embed-image-overlay\" style=\"background-image: url(https:\/\/expansionss.com\/wp-content\/uploads\/2026\/01\/Rectangle-68-1.png);\">\n\t\t\t\t\t\t\t\t\t\t\t\t\t\t\t\t<div class=\"elementor-custom-embed-play\" role=\"button\" aria-label=\"Reproducir v\u00eddeo\" tabindex=\"0\">\n\t\t\t\t\t\t\t<svg aria-hidden=\"true\" class=\"e-font-icon-svg e-eicon-play\" viewBox=\"0 0 1000 1000\" xmlns=\"http:\/\/www.w3.org\/2000\/svg\"><path d=\"M838 162C746 71 633 25 500 25 371 25 258 71 163 162 71 254 25 367 25 500 25 633 71 746 163 837 254 929 367 979 500 979 633 979 746 933 838 837 929 746 975 633 975 500 975 367 929 254 838 162M808 192C892 279 933 379 933 500 933 621 892 725 808 808 725 892 621 938 500 938 379 938 279 896 196 808 113 725 67 621 67 500 67 379 108 279 196 192 279 108 383 62 500 62 621 62 721 108 808 192M438 392V642L642 517 438 392Z\"><\/path><\/svg>\t\t\t\t\t\t<\/div>\n\t\t\t\t\t\t\t\t\t<\/div>\n\t\t\t\t\t<\/div>\n\t\t\t\t\t\t<\/div>\n\t\t\t\t<div class=\"elementor-element elementor-element-720752e elementor-widget elementor-widget-video\" data-id=\"720752e\" data-element_type=\"widget\" data-settings=\"{&quot;youtube_url&quot;:&quot;https:\\\/\\\/www.youtube.com\\\/watch?v=XHOmBV4js_E&quot;,&quot;show_image_overlay&quot;:&quot;yes&quot;,&quot;image_overlay&quot;:{&quot;url&quot;:&quot;https:\\\/\\\/elbandocreativo.com\\\/ossint\\\/wp-content\\\/uploads\\\/2026\\\/01\\\/Rectangle-65-1.png&quot;,&quot;id&quot;:171,&quot;size&quot;:&quot;&quot;,&quot;alt&quot;:&quot;&quot;,&quot;source&quot;:&quot;library&quot;},&quot;video_type&quot;:&quot;youtube&quot;,&quot;controls&quot;:&quot;yes&quot;}\" data-widget_type=\"video.default\">\n\t\t\t\t\t\t\t<div class=\"elementor-wrapper elementor-open-inline\">\n\t\t\t<div class=\"elementor-video\"><\/div>\t\t\t\t<div class=\"elementor-custom-embed-image-overlay\" style=\"background-image: url(https:\/\/expansionss.com\/wp-content\/uploads\/2026\/01\/Rectangle-65-1.png);\">\n\t\t\t\t\t\t\t\t\t\t\t\t\t\t\t\t<div class=\"elementor-custom-embed-play\" role=\"button\" aria-label=\"Reproducir v\u00eddeo\" tabindex=\"0\">\n\t\t\t\t\t\t\t<svg aria-hidden=\"true\" class=\"e-font-icon-svg e-eicon-play\" viewBox=\"0 0 1000 1000\" xmlns=\"http:\/\/www.w3.org\/2000\/svg\"><path d=\"M838 162C746 71 633 25 500 25 371 25 258 71 163 162 71 254 25 367 25 500 25 633 71 746 163 837 254 929 367 979 500 979 633 979 746 933 838 837 929 746 975 633 975 500 975 367 929 254 838 162M808 192C892 279 933 379 933 500 933 621 892 725 808 808 725 892 621 938 500 938 379 938 279 896 196 808 113 725 67 621 67 500 67 379 108 279 196 192 279 108 383 62 500 62 621 62 721 108 808 192M438 392V642L642 517 438 392Z\"><\/path><\/svg>\t\t\t\t\t\t<\/div>\n\t\t\t\t\t\t\t\t\t<\/div>\n\t\t\t\t\t<\/div>\n\t\t\t\t\t\t<\/div>\n\t\t\t\t<\/div>\n\t\t\t\t\t<\/div>\n\t\t\t\t<\/div>\n\t\t\t\t<\/div>\n\t\t","protected":false},"excerpt":{"rendered":"<p>EXPANSIONS Cuidar la mente no es opcional. Es cuidar lo que eres y lo que construyes. Es el servicio de salud mental, en donde con especialistas y profesionales capacitamos grupos de empresas, promoviendo el bienestar emocional laboral y personal, formando a seres humanos m\u00e1s productivos, conscientes, con sentido de pertenencia y prop\u00f3sito existencial, lo que [&hellip;]<\/p>\n","protected":false},"author":1,"featured_media":0,"parent":0,"menu_order":0,"comment_status":"closed","ping_status":"closed","template":"","meta":{"footnotes":""},"class_list":["post-47","page","type-page","status-publish","hentry"],"_links":{"self":[{"href":"https:\/\/expansionss.com\/index.php?rest_route=\/wp\/v2\/pages\/47","targetHints":{"allow":["GET"]}}],"collection":[{"href":"https:\/\/expansionss.com\/index.php?rest_route=\/wp\/v2\/pages"}],"about":[{"href":"https:\/\/expansionss.com\/index.php?rest_route=\/wp\/v2\/types\/page"}],"author":[{"embeddable":true,"href":"https:\/\/expansionss.com\/index.php?rest_route=\/wp\/v2\/users\/1"}],"replies":[{"embeddable":true,"href":"https:\/\/expansionss.com\/index.php?rest_route=%2Fwp%2Fv2%2Fcomments&post=47"}],"version-history":[{"count":10,"href":"https:\/\/expansionss.com\/index.php?rest_route=\/wp\/v2\/pages\/47\/revisions"}],"predecessor-version":[{"id":188,"href":"https:\/\/expansionss.com\/index.php?rest_route=\/wp\/v2\/pages\/47\/revisions\/188"}],"wp:attachment":[{"href":"https:\/\/expansionss.com\/index.php?rest_route=%2Fwp%2Fv2%2Fmedia&parent=47"}],"curies":[{"name":"wp","href":"https:\/\/api.w.org\/{rel}","templated":true}]}}