{"id":42,"date":"2026-01-15T18:20:19","date_gmt":"2026-01-15T18:20:19","guid":{"rendered":"https:\/\/expansionss.com\/?page_id=42"},"modified":"2026-01-16T18:58:41","modified_gmt":"2026-01-16T18:58:41","slug":"productions","status":"publish","type":"page","link":"https:\/\/expansionss.com\/?page_id=42","title":{"rendered":"Productions"},"content":{"rendered":"\t\t<div data-elementor-type=\"wp-page\" data-elementor-id=\"42\" class=\"elementor elementor-42\" data-elementor-post-type=\"page\">\n\t\t\t\t<div class=\"elementor-element elementor-element-79d18b5 e-flex e-con-boxed e-con e-parent\" data-id=\"79d18b5\" data-element_type=\"container\" data-settings=\"{&quot;background_background&quot;:&quot;classic&quot;}\">\n\t\t\t\t\t<div class=\"e-con-inner\">\n\t\t<div class=\"elementor-element elementor-element-0878fa8 e-flex e-con-boxed e-con e-child\" data-id=\"0878fa8\" data-element_type=\"container\">\n\t\t\t\t\t<div class=\"e-con-inner\">\n\t\t\t\t<div class=\"elementor-element elementor-element-29d9e0b elementor-widget elementor-widget-heading\" data-id=\"29d9e0b\" data-element_type=\"widget\" data-widget_type=\"heading.default\">\n\t\t\t\t\t<h2 class=\"elementor-heading-title elementor-size-default\">PRODUCTIONS<\/h2>\t\t\t\t<\/div>\n\t\t\t\t<div class=\"elementor-element elementor-element-31b4ca2 elementor-widget-divider--view-line elementor-widget elementor-widget-divider\" data-id=\"31b4ca2\" data-element_type=\"widget\" data-widget_type=\"divider.default\">\n\t\t\t\t\t\t\t<div class=\"elementor-divider\">\n\t\t\t<span class=\"elementor-divider-separator\">\n\t\t\t\t\t\t<\/span>\n\t\t<\/div>\n\t\t\t\t\t\t<\/div>\n\t\t\t\t<div class=\"elementor-element elementor-element-13893c1 elementor-widget elementor-widget-heading\" data-id=\"13893c1\" data-element_type=\"widget\" data-widget_type=\"heading.default\">\n\t\t\t\t\t<h2 class=\"elementor-heading-title elementor-size-default\">Libera la voz de tu alma, Inmortaliza tu historia en cada escena<\/h2>\t\t\t\t<\/div>\n\t\t\t\t<div class=\"elementor-element elementor-element-f1e751a elementor-widget elementor-widget-text-editor\" data-id=\"f1e751a\" data-element_type=\"widget\" data-widget_type=\"text-editor.default\">\n\t\t\t\t\t\t\t\t\t<p>Es el servicio de producci\u00f3n comercial y cinematogr\u00e1fico, este equipo de imagen y sonido de alto est\u00e1ndar se encarga de filmar y editar todo el contenido de marca, (fotograf\u00eda de producto, videos publicitarios y cortos emocionales para identidad visual \u2013 emocional) como productora tambi\u00e9n desarrolla obras cinematogr\u00e1ficas, desde cortometrajes hasta pel\u00edculas.<\/p>\t\t\t\t\t\t\t\t<\/div>\n\t\t\t\t\t<\/div>\n\t\t\t\t<\/div>\n\t\t<div class=\"elementor-element elementor-element-df17f47 e-flex e-con-boxed e-con e-child\" data-id=\"df17f47\" data-element_type=\"container\">\n\t\t\t\t\t<div class=\"e-con-inner\">\n\t\t\t\t<div class=\"elementor-element elementor-element-5eacb6e elementor-absolute elementor-widget elementor-widget-heading\" data-id=\"5eacb6e\" data-element_type=\"widget\" data-settings=\"{&quot;_position&quot;:&quot;absolute&quot;}\" data-widget_type=\"heading.default\">\n\t\t\t\t\t<h2 class=\"elementor-heading-title elementor-size-default\">03<\/h2>\t\t\t\t<\/div>\n\t\t\t\t\t<\/div>\n\t\t\t\t<\/div>\n\t\t\t\t\t<\/div>\n\t\t\t\t<\/div>\n\t\t<div class=\"elementor-element elementor-element-cc690f7 e-flex e-con-boxed e-con e-parent\" data-id=\"cc690f7\" data-element_type=\"container\" data-settings=\"{&quot;background_background&quot;:&quot;classic&quot;}\">\n\t\t\t\t\t<div class=\"e-con-inner\">\n\t\t<div class=\"elementor-element elementor-element-850089f e-con-full e-flex e-con e-child\" data-id=\"850089f\" data-element_type=\"container\">\n\t\t<div class=\"elementor-element elementor-element-1c79a2a e-con-full e-flex e-con e-child\" data-id=\"1c79a2a\" data-element_type=\"container\">\n\t\t\t\t<div class=\"elementor-element elementor-element-3fe3394 elementor-widget elementor-widget-image\" data-id=\"3fe3394\" data-element_type=\"widget\" data-widget_type=\"image.default\">\n\t\t\t\t\t\t\t\t\t\t\t\t\t\t\t<img fetchpriority=\"high\" decoding=\"async\" width=\"689\" height=\"1024\" src=\"https:\/\/expansionss.com\/wp-content\/uploads\/2026\/01\/Rectangle-65-1-689x1024.png\" class=\"attachment-large size-large wp-image-171\" alt=\"\" srcset=\"https:\/\/expansionss.com\/wp-content\/uploads\/2026\/01\/Rectangle-65-1-689x1024.png 689w, https:\/\/expansionss.com\/wp-content\/uploads\/2026\/01\/Rectangle-65-1-202x300.png 202w, https:\/\/expansionss.com\/wp-content\/uploads\/2026\/01\/Rectangle-65-1-768x1142.png 768w, https:\/\/expansionss.com\/wp-content\/uploads\/2026\/01\/Rectangle-65-1-1033x1536.png 1033w, https:\/\/expansionss.com\/wp-content\/uploads\/2026\/01\/Rectangle-65-1.png 1119w\" sizes=\"(max-width: 689px) 100vw, 689px\" \/>\t\t\t\t\t\t\t\t\t\t\t\t\t\t\t<\/div>\n\t\t\t\t<\/div>\n\t\t<div class=\"elementor-element elementor-element-1fb2ba7 e-con-full e-flex e-con e-child\" data-id=\"1fb2ba7\" data-element_type=\"container\">\n\t\t<div class=\"elementor-element elementor-element-3ac56c3 e-con-full e-flex e-con e-child\" data-id=\"3ac56c3\" data-element_type=\"container\">\n\t\t\t\t<div class=\"elementor-element elementor-element-262f980 elementor-widget elementor-widget-image\" data-id=\"262f980\" data-element_type=\"widget\" data-widget_type=\"image.default\">\n\t\t\t\t\t\t\t\t\t\t\t\t\t\t\t<img decoding=\"async\" width=\"800\" height=\"408\" src=\"https:\/\/expansionss.com\/wp-content\/uploads\/2026\/01\/Rectangle-66-1024x522.png\" class=\"attachment-large size-large wp-image-172\" alt=\"\" srcset=\"https:\/\/expansionss.com\/wp-content\/uploads\/2026\/01\/Rectangle-66-1024x522.png 1024w, https:\/\/expansionss.com\/wp-content\/uploads\/2026\/01\/Rectangle-66-300x153.png 300w, https:\/\/expansionss.com\/wp-content\/uploads\/2026\/01\/Rectangle-66-768x392.png 768w, https:\/\/expansionss.com\/wp-content\/uploads\/2026\/01\/Rectangle-66-1536x783.png 1536w, https:\/\/expansionss.com\/wp-content\/uploads\/2026\/01\/Rectangle-66.png 1577w\" sizes=\"(max-width: 800px) 100vw, 800px\" \/>\t\t\t\t\t\t\t\t\t\t\t\t\t\t\t<\/div>\n\t\t\t\t<\/div>\n\t\t<div class=\"elementor-element elementor-element-be3ff94 e-con-full e-flex e-con e-child\" data-id=\"be3ff94\" data-element_type=\"container\">\n\t\t\t\t<div class=\"elementor-element elementor-element-d45ad49 elementor-widget elementor-widget-image\" data-id=\"d45ad49\" data-element_type=\"widget\" data-widget_type=\"image.default\">\n\t\t\t\t\t\t\t\t\t\t\t\t\t\t\t<img decoding=\"async\" width=\"729\" height=\"760\" src=\"https:\/\/expansionss.com\/wp-content\/uploads\/2026\/01\/Rectangle-67.png\" class=\"attachment-large size-large wp-image-173\" alt=\"\" srcset=\"https:\/\/expansionss.com\/wp-content\/uploads\/2026\/01\/Rectangle-67.png 729w, https:\/\/expansionss.com\/wp-content\/uploads\/2026\/01\/Rectangle-67-288x300.png 288w\" sizes=\"(max-width: 729px) 100vw, 729px\" \/>\t\t\t\t\t\t\t\t\t\t\t\t\t\t\t<\/div>\n\t\t\t\t<div class=\"elementor-element elementor-element-61728e1 elementor-widget elementor-widget-image\" data-id=\"61728e1\" data-element_type=\"widget\" data-widget_type=\"image.default\">\n\t\t\t\t\t\t\t\t\t\t\t\t\t\t\t<img loading=\"lazy\" decoding=\"async\" width=\"745\" height=\"760\" src=\"https:\/\/expansionss.com\/wp-content\/uploads\/2026\/01\/Rectangle-68-1.png\" class=\"attachment-large size-large wp-image-174\" alt=\"\" srcset=\"https:\/\/expansionss.com\/wp-content\/uploads\/2026\/01\/Rectangle-68-1.png 745w, https:\/\/expansionss.com\/wp-content\/uploads\/2026\/01\/Rectangle-68-1-294x300.png 294w\" sizes=\"(max-width: 745px) 100vw, 745px\" \/>\t\t\t\t\t\t\t\t\t\t\t\t\t\t\t<\/div>\n\t\t\t\t<\/div>\n\t\t\t\t<\/div>\n\t\t\t\t<\/div>\n\t\t<div class=\"elementor-element elementor-element-91b87e4 e-con-full e-flex e-con e-child\" data-id=\"91b87e4\" data-element_type=\"container\">\n\t\t\t\t<div class=\"elementor-element elementor-element-9c5428d elementor-widget elementor-widget-heading\" data-id=\"9c5428d\" data-element_type=\"widget\" data-widget_type=\"heading.default\">\n\t\t\t\t\t<h2 class=\"elementor-heading-title elementor-size-default\">Como trabajamos en OSSINT <\/h2>\t\t\t\t<\/div>\n\t\t\t\t<div class=\"elementor-element elementor-element-c2921b9 elementor-widget-divider--view-line elementor-widget elementor-widget-divider\" data-id=\"c2921b9\" data-element_type=\"widget\" data-widget_type=\"divider.default\">\n\t\t\t\t\t\t\t<div class=\"elementor-divider\">\n\t\t\t<span class=\"elementor-divider-separator\">\n\t\t\t\t\t\t<\/span>\n\t\t<\/div>\n\t\t\t\t\t\t<\/div>\n\t\t\t\t<div class=\"elementor-element elementor-element-ec15716 elementor-widget elementor-widget-text-editor\" data-id=\"ec15716\" data-element_type=\"widget\" data-widget_type=\"text-editor.default\">\n\t\t\t\t\t\t\t\t\t<p>El crecimiento no ocurre por accidente; es el resultado de decisiones estrat\u00e9gicas y bien guiadas. <strong>OSSINT PRODUCTIONS<\/strong> es la divisi\u00f3n de desarrollo corporativo de <strong>OSSINT<\/strong>, creada para acompa\u00f1ar a l\u00edderes y organizaciones que desean avanzar con claridad y prop\u00f3sito. Nuestro enfoque se basa en dise\u00f1ar soluciones de alto impacto que ayuden a posicionarte, escalar tu proyecto y fortalecer tu presencia en el mercado. Te apoyamos en cada paso para que tu visi\u00f3n se convierta en resultados reales y sostenibles.<\/p>\t\t\t\t\t\t\t\t<\/div>\n\t\t\t\t<div class=\"elementor-element elementor-element-d21f15f elementor-widget elementor-widget-button\" data-id=\"d21f15f\" data-element_type=\"widget\" data-widget_type=\"button.default\">\n\t\t\t\t\t\t\t\t\t\t<a class=\"elementor-button elementor-button-link elementor-size-sm elementor-animation-grow\" href=\"#\">\n\t\t\t\t\t\t<span class=\"elementor-button-content-wrapper\">\n\t\t\t\t\t\t<span class=\"elementor-button-icon\">\n\t\t\t\t<svg aria-hidden=\"true\" class=\"e-font-icon-svg e-far-arrow-alt-circle-right\" viewBox=\"0 0 512 512\" xmlns=\"http:\/\/www.w3.org\/2000\/svg\"><path d=\"M504 256C504 119 393 8 256 8S8 119 8 256s111 248 248 248 248-111 248-248zm-448 0c0-110.5 89.5-200 200-200s200 89.5 200 200-89.5 200-200 200S56 366.5 56 256zm72 20v-40c0-6.6 5.4-12 12-12h116v-67c0-10.7 12.9-16 20.5-8.5l99 99c4.7 4.7 4.7 12.3 0 17l-99 99c-7.6 7.6-20.5 2.2-20.5-8.5v-67H140c-6.6 0-12-5.4-12-12z\"><\/path><\/svg>\t\t\t<\/span>\n\t\t\t\t\t\t\t\t\t<span class=\"elementor-button-text\">Trabaja con nosotros<\/span>\n\t\t\t\t\t<\/span>\n\t\t\t\t\t<\/a>\n\t\t\t\t\t\t\t\t<\/div>\n\t\t\t\t<\/div>\n\t\t\t\t\t<\/div>\n\t\t\t\t<\/div>\n\t\t<div class=\"elementor-element elementor-element-d957108 e-flex e-con-boxed e-con e-parent\" data-id=\"d957108\" data-element_type=\"container\" data-settings=\"{&quot;background_background&quot;:&quot;classic&quot;}\">\n\t\t\t\t\t<div class=\"e-con-inner\">\n\t\t<div class=\"elementor-element elementor-element-8fe397d e-con-full e-flex e-con e-child\" data-id=\"8fe397d\" data-element_type=\"container\">\n\t\t\t\t<div class=\"elementor-element elementor-element-917f718 elementor-widget elementor-widget-heading\" data-id=\"917f718\" data-element_type=\"widget\" data-widget_type=\"heading.default\">\n\t\t\t\t\t<h2 class=\"elementor-heading-title elementor-size-default\">OSSINT EXPANSIONS<\/h2>\t\t\t\t<\/div>\n\t\t\t\t<div class=\"elementor-element elementor-element-727012d elementor-widget elementor-widget-heading\" data-id=\"727012d\" data-element_type=\"widget\" data-widget_type=\"heading.default\">\n\t\t\t\t\t<h2 class=\"elementor-heading-title elementor-size-default\">Libera la voz de tu alma, Inmortaliza tu historia en cada escena<\/h2>\t\t\t\t<\/div>\n\t\t\t\t<div class=\"elementor-element elementor-element-26fec58 elementor-widget elementor-widget-button\" data-id=\"26fec58\" data-element_type=\"widget\" data-widget_type=\"button.default\">\n\t\t\t\t\t\t\t\t\t\t<a class=\"elementor-button elementor-button-link elementor-size-sm elementor-animation-grow\" href=\"#\">\n\t\t\t\t\t\t<span class=\"elementor-button-content-wrapper\">\n\t\t\t\t\t\t<span class=\"elementor-button-icon\">\n\t\t\t\t<svg aria-hidden=\"true\" class=\"e-font-icon-svg e-fas-play-circle\" viewBox=\"0 0 512 512\" xmlns=\"http:\/\/www.w3.org\/2000\/svg\"><path d=\"M256 8C119 8 8 119 8 256s111 248 248 248 248-111 248-248S393 8 256 8zm115.7 272l-176 101c-15.8 8.8-35.7-2.5-35.7-21V152c0-18.4 19.8-29.8 35.7-21l176 107c16.4 9.2 16.4 32.9 0 42z\"><\/path><\/svg>\t\t\t<\/span>\n\t\t\t\t\t\t\t\t\t<span class=\"elementor-button-text\">Ver video<\/span>\n\t\t\t\t\t<\/span>\n\t\t\t\t\t<\/a>\n\t\t\t\t\t\t\t\t<\/div>\n\t\t\t\t<div class=\"elementor-element elementor-element-4c7c0e3 elementor-widget elementor-widget-text-editor\" data-id=\"4c7c0e3\" data-element_type=\"widget\" data-widget_type=\"text-editor.default\">\n\t\t\t\t\t\t\t\t\t<p>Este servicio se especializa en la producci\u00f3n comercial y cinematogr\u00e1fica. Contamos con un equipo profesional de imagen y sonido que se encarga de grabar y editar todo el contenido visual de tu marca: desde fotograf\u00eda de producto y videos publicitarios, hasta piezas emocionales que refuerzan tu identidad visual. Adem\u00e1s, como productora desarrollamos proyectos cinematogr\u00e1ficos que van desde cortometrajes hasta largometrajes.<\/p>\t\t\t\t\t\t\t\t<\/div>\n\t\t\t\t<\/div>\n\t\t<div class=\"elementor-element elementor-element-c4bb615 e-con-full e-flex e-con e-child\" data-id=\"c4bb615\" data-element_type=\"container\">\n\t\t\t\t<div class=\"elementor-element elementor-element-aba0e44 elementor-widget elementor-widget-video\" data-id=\"aba0e44\" data-element_type=\"widget\" data-settings=\"{&quot;youtube_url&quot;:&quot;https:\\\/\\\/www.youtube.com\\\/watch?v=XHOmBV4js_E&quot;,&quot;show_image_overlay&quot;:&quot;yes&quot;,&quot;image_overlay&quot;:{&quot;url&quot;:&quot;https:\\\/\\\/elbandocreativo.com\\\/ossint\\\/wp-content\\\/uploads\\\/2026\\\/01\\\/Rectangle-68.png&quot;,&quot;id&quot;:118,&quot;size&quot;:&quot;&quot;,&quot;alt&quot;:&quot;&quot;,&quot;source&quot;:&quot;library&quot;},&quot;video_type&quot;:&quot;youtube&quot;,&quot;controls&quot;:&quot;yes&quot;}\" data-widget_type=\"video.default\">\n\t\t\t\t\t\t\t<div class=\"elementor-wrapper elementor-open-inline\">\n\t\t\t<div class=\"elementor-video\"><\/div>\t\t\t\t<div class=\"elementor-custom-embed-image-overlay\" style=\"background-image: url(https:\/\/expansionss.com\/wp-content\/uploads\/2026\/01\/Rectangle-68.png);\">\n\t\t\t\t\t\t\t\t\t\t\t\t\t\t\t\t<div class=\"elementor-custom-embed-play\" role=\"button\" aria-label=\"Reproducir v\u00eddeo\" tabindex=\"0\">\n\t\t\t\t\t\t\t<svg aria-hidden=\"true\" class=\"e-font-icon-svg e-eicon-play\" viewBox=\"0 0 1000 1000\" xmlns=\"http:\/\/www.w3.org\/2000\/svg\"><path d=\"M838 162C746 71 633 25 500 25 371 25 258 71 163 162 71 254 25 367 25 500 25 633 71 746 163 837 254 929 367 979 500 979 633 979 746 933 838 837 929 746 975 633 975 500 975 367 929 254 838 162M808 192C892 279 933 379 933 500 933 621 892 725 808 808 725 892 621 938 500 938 379 938 279 896 196 808 113 725 67 621 67 500 67 379 108 279 196 192 279 108 383 62 500 62 621 62 721 108 808 192M438 392V642L642 517 438 392Z\"><\/path><\/svg>\t\t\t\t\t\t<\/div>\n\t\t\t\t\t\t\t\t\t<\/div>\n\t\t\t\t\t<\/div>\n\t\t\t\t\t\t<\/div>\n\t\t\t\t<div class=\"elementor-element elementor-element-a2f2d19 elementor-widget elementor-widget-video\" data-id=\"a2f2d19\" data-element_type=\"widget\" data-settings=\"{&quot;youtube_url&quot;:&quot;https:\\\/\\\/www.youtube.com\\\/watch?v=XHOmBV4js_E&quot;,&quot;show_image_overlay&quot;:&quot;yes&quot;,&quot;image_overlay&quot;:{&quot;url&quot;:&quot;https:\\\/\\\/elbandocreativo.com\\\/ossint\\\/wp-content\\\/uploads\\\/2026\\\/01\\\/Rectangle-69.png&quot;,&quot;id&quot;:119,&quot;size&quot;:&quot;&quot;,&quot;alt&quot;:&quot;&quot;,&quot;source&quot;:&quot;library&quot;},&quot;video_type&quot;:&quot;youtube&quot;,&quot;controls&quot;:&quot;yes&quot;}\" data-widget_type=\"video.default\">\n\t\t\t\t\t\t\t<div class=\"elementor-wrapper elementor-open-inline\">\n\t\t\t<div class=\"elementor-video\"><\/div>\t\t\t\t<div class=\"elementor-custom-embed-image-overlay\" style=\"background-image: url(https:\/\/expansionss.com\/wp-content\/uploads\/2026\/01\/Rectangle-69.png);\">\n\t\t\t\t\t\t\t\t\t\t\t\t\t\t\t\t<div class=\"elementor-custom-embed-play\" role=\"button\" aria-label=\"Reproducir v\u00eddeo\" tabindex=\"0\">\n\t\t\t\t\t\t\t<svg aria-hidden=\"true\" class=\"e-font-icon-svg e-eicon-play\" viewBox=\"0 0 1000 1000\" xmlns=\"http:\/\/www.w3.org\/2000\/svg\"><path d=\"M838 162C746 71 633 25 500 25 371 25 258 71 163 162 71 254 25 367 25 500 25 633 71 746 163 837 254 929 367 979 500 979 633 979 746 933 838 837 929 746 975 633 975 500 975 367 929 254 838 162M808 192C892 279 933 379 933 500 933 621 892 725 808 808 725 892 621 938 500 938 379 938 279 896 196 808 113 725 67 621 67 500 67 379 108 279 196 192 279 108 383 62 500 62 621 62 721 108 808 192M438 392V642L642 517 438 392Z\"><\/path><\/svg>\t\t\t\t\t\t<\/div>\n\t\t\t\t\t\t\t\t\t<\/div>\n\t\t\t\t\t<\/div>\n\t\t\t\t\t\t<\/div>\n\t\t\t\t<\/div>\n\t\t\t\t\t<\/div>\n\t\t\t\t<\/div>\n\t\t\t\t<\/div>\n\t\t","protected":false},"excerpt":{"rendered":"<p>PRODUCTIONS Libera la voz de tu alma, Inmortaliza tu historia en cada escena Es el servicio de producci\u00f3n comercial y cinematogr\u00e1fico, este equipo de imagen y sonido de alto est\u00e1ndar se encarga de filmar y editar todo el contenido de marca, (fotograf\u00eda de producto, videos publicitarios y cortos emocionales para identidad visual \u2013 emocional) como [&hellip;]<\/p>\n","protected":false},"author":1,"featured_media":0,"parent":0,"menu_order":0,"comment_status":"closed","ping_status":"closed","template":"","meta":{"footnotes":""},"class_list":["post-42","page","type-page","status-publish","hentry"],"_links":{"self":[{"href":"https:\/\/expansionss.com\/index.php?rest_route=\/wp\/v2\/pages\/42","targetHints":{"allow":["GET"]}}],"collection":[{"href":"https:\/\/expansionss.com\/index.php?rest_route=\/wp\/v2\/pages"}],"about":[{"href":"https:\/\/expansionss.com\/index.php?rest_route=\/wp\/v2\/types\/page"}],"author":[{"embeddable":true,"href":"https:\/\/expansionss.com\/index.php?rest_route=\/wp\/v2\/users\/1"}],"replies":[{"embeddable":true,"href":"https:\/\/expansionss.com\/index.php?rest_route=%2Fwp%2Fv2%2Fcomments&post=42"}],"version-history":[{"count":13,"href":"https:\/\/expansionss.com\/index.php?rest_route=\/wp\/v2\/pages\/42\/revisions"}],"predecessor-version":[{"id":181,"href":"https:\/\/expansionss.com\/index.php?rest_route=\/wp\/v2\/pages\/42\/revisions\/181"}],"wp:attachment":[{"href":"https:\/\/expansionss.com\/index.php?rest_route=%2Fwp%2Fv2%2Fmedia&parent=42"}],"curies":[{"name":"wp","href":"https:\/\/api.w.org\/{rel}","templated":true}]}}