{"id":20,"date":"2026-01-15T16:43:28","date_gmt":"2026-01-15T16:43:28","guid":{"rendered":"https:\/\/expansionss.com\/?page_id=20"},"modified":"2026-05-11T18:06:58","modified_gmt":"2026-05-11T18:06:58","slug":"inicio","status":"publish","type":"page","link":"https:\/\/expansionss.com\/","title":{"rendered":"Inicio"},"content":{"rendered":"\t\t<div data-elementor-type=\"wp-page\" data-elementor-id=\"20\" class=\"elementor elementor-20\" data-elementor-post-type=\"page\">\n\t\t\t\t<div class=\"elementor-element elementor-element-2911054 e-flex e-con-boxed e-con e-parent\" data-id=\"2911054\" data-element_type=\"container\" data-settings=\"{&quot;background_background&quot;:&quot;classic&quot;}\">\n\t\t\t\t\t<div class=\"e-con-inner\">\n\t\t<div class=\"elementor-element elementor-element-e6bd46c e-flex e-con-boxed e-con e-child\" data-id=\"e6bd46c\" data-element_type=\"container\">\n\t\t\t\t\t<div class=\"e-con-inner\">\n\t\t\t\t<div class=\"elementor-element elementor-element-92e2a99 elementor-widget elementor-widget-spacer\" data-id=\"92e2a99\" data-element_type=\"widget\" data-widget_type=\"spacer.default\">\n\t\t\t\t\t\t\t<div class=\"elementor-spacer\">\n\t\t\t<div class=\"elementor-spacer-inner\"><\/div>\n\t\t<\/div>\n\t\t\t\t\t\t<\/div>\n\t\t\t\t<div class=\"elementor-element elementor-element-6b37883 elementor-widget elementor-widget-heading\" data-id=\"6b37883\" data-element_type=\"widget\" data-widget_type=\"heading.default\">\n\t\t\t\t\t<h2 class=\"elementor-heading-title elementor-size-default\">OSSINT<\/h2>\t\t\t\t<\/div>\n\t\t\t\t<div class=\"elementor-element elementor-element-e0c6357 elementor-widget-divider--view-line elementor-widget elementor-widget-divider\" data-id=\"e0c6357\" data-element_type=\"widget\" data-widget_type=\"divider.default\">\n\t\t\t\t\t\t\t<div class=\"elementor-divider\">\n\t\t\t<span class=\"elementor-divider-separator\">\n\t\t\t\t\t\t<\/span>\n\t\t<\/div>\n\t\t\t\t\t\t<\/div>\n\t\t\t\t<div class=\"elementor-element elementor-element-c0a6c3b elementor-widget elementor-widget-heading\" data-id=\"c0a6c3b\" data-element_type=\"widget\" data-widget_type=\"heading.default\">\n\t\t\t\t\t<h2 class=\"elementor-heading-title elementor-size-default\">No solo crezcas. Inspira. No solo vendas. Impacta<\/h2>\t\t\t\t<\/div>\n\t\t\t\t<div class=\"elementor-element elementor-element-54a0e66 elementor-widget elementor-widget-text-editor\" data-id=\"54a0e66\" data-element_type=\"widget\" data-widget_type=\"text-editor.default\">\n\t\t\t\t\t\t\t\t\t<p>En Organizaci\u00f3n Sergio Santacruz Internacional ofrecemos tres servicios pensados para ayudarte a crecer: bienestar emocional, producci\u00f3n audiovisual y publicidad. Puedes elegir cada uno por separado o combinarlos seg\u00fan lo que tu proyecto necesite, ya seas una empresa o un profesional independiente.<\/p>\t\t\t\t\t\t\t\t<\/div>\n\t\t\t\t\t<\/div>\n\t\t\t\t<\/div>\n\t\t<div class=\"elementor-element elementor-element-657155d e-flex e-con-boxed e-con e-child\" data-id=\"657155d\" data-element_type=\"container\">\n\t\t\t\t\t<div class=\"e-con-inner\">\n\t\t\t\t<div class=\"elementor-element elementor-element-8e8908f elementor-absolute elementor-hidden-tablet elementor-hidden-mobile elementor-widget elementor-widget-heading\" data-id=\"8e8908f\" data-element_type=\"widget\" data-settings=\"{&quot;_position&quot;:&quot;absolute&quot;}\" data-widget_type=\"heading.default\">\n\t\t\t\t\t<h2 class=\"elementor-heading-title elementor-size-default\">01<\/h2>\t\t\t\t<\/div>\n\t\t\t\t\t<\/div>\n\t\t\t\t<\/div>\n\t\t\t\t\t<\/div>\n\t\t\t\t<\/div>\n\t\t<div class=\"elementor-element elementor-element-44b2ae6 e-con-full e-flex e-con e-parent\" data-id=\"44b2ae6\" data-element_type=\"container\" data-settings=\"{&quot;background_background&quot;:&quot;classic&quot;}\">\n\t\t<div class=\"elementor-element elementor-element-983fd74 e-con-full e-flex e-con e-child\" data-id=\"983fd74\" data-element_type=\"container\">\n\t\t\t\t<div class=\"elementor-element elementor-element-4749107 elementor-widget elementor-widget-image\" data-id=\"4749107\" data-element_type=\"widget\" data-widget_type=\"image.default\">\n\t\t\t\t\t\t\t\t\t\t\t\t\t\t\t<img decoding=\"async\" width=\"150\" height=\"150\" src=\"https:\/\/expansionss.com\/wp-content\/uploads\/2026\/01\/autismo-1.png\" class=\"attachment-large size-large wp-image-91\" alt=\"\" \/>\t\t\t\t\t\t\t\t\t\t\t\t\t\t\t<\/div>\n\t\t<div class=\"elementor-element elementor-element-c277524 e-con-full e-flex e-con e-child\" data-id=\"c277524\" data-element_type=\"container\">\n\t\t\t\t<div class=\"elementor-element elementor-element-524fbc4 elementor-widget elementor-widget-text-editor\" data-id=\"524fbc4\" data-element_type=\"widget\" data-widget_type=\"text-editor.default\">\n\t\t\t\t\t\t\t\t\t<p>Un ecosistema donde la emoci\u00f3n, la creatividad y la innovaci\u00f3n se encuentran para hacer que las empresas crezcan con sentido.<\/p>\t\t\t\t\t\t\t\t<\/div>\n\t\t\t\t<div class=\"elementor-element elementor-element-ad10ed0 elementor-widget elementor-widget-button\" data-id=\"ad10ed0\" data-element_type=\"widget\" data-widget_type=\"button.default\">\n\t\t\t\t\t\t\t\t\t\t<a class=\"elementor-button elementor-button-link elementor-size-sm elementor-animation-grow\" href=\"#\">\n\t\t\t\t\t\t<span class=\"elementor-button-content-wrapper\">\n\t\t\t\t\t\t<span class=\"elementor-button-icon\">\n\t\t\t\t<svg aria-hidden=\"true\" class=\"e-font-icon-svg e-far-arrow-alt-circle-right\" viewBox=\"0 0 512 512\" xmlns=\"http:\/\/www.w3.org\/2000\/svg\"><path d=\"M504 256C504 119 393 8 256 8S8 119 8 256s111 248 248 248 248-111 248-248zm-448 0c0-110.5 89.5-200 200-200s200 89.5 200 200-89.5 200-200 200S56 366.5 56 256zm72 20v-40c0-6.6 5.4-12 12-12h116v-67c0-10.7 12.9-16 20.5-8.5l99 99c4.7 4.7 4.7 12.3 0 17l-99 99c-7.6 7.6-20.5 2.2-20.5-8.5v-67H140c-6.6 0-12-5.4-12-12z\"><\/path><\/svg>\t\t\t<\/span>\n\t\t\t\t\t\t\t\t\t<span class=\"elementor-button-text\">Descubre OSSINT Health<\/span>\n\t\t\t\t\t<\/span>\n\t\t\t\t\t<\/a>\n\t\t\t\t\t\t\t\t<\/div>\n\t\t\t\t<\/div>\n\t\t\t\t<\/div>\n\t\t<div class=\"elementor-element elementor-element-932a337 e-con-full e-flex e-con e-child\" data-id=\"932a337\" data-element_type=\"container\">\n\t\t\t\t<div class=\"elementor-element elementor-element-da87c82 elementor-widget elementor-widget-image\" data-id=\"da87c82\" data-element_type=\"widget\" data-widget_type=\"image.default\">\n\t\t\t\t\t\t\t\t\t\t\t\t\t\t\t<img decoding=\"async\" width=\"150\" height=\"150\" src=\"https:\/\/expansionss.com\/wp-content\/uploads\/2026\/01\/autismo-2.png\" class=\"attachment-large size-large wp-image-92\" alt=\"\" \/>\t\t\t\t\t\t\t\t\t\t\t\t\t\t\t<\/div>\n\t\t<div class=\"elementor-element elementor-element-da4ec08 e-con-full e-flex e-con e-child\" data-id=\"da4ec08\" data-element_type=\"container\">\n\t\t\t\t<div class=\"elementor-element elementor-element-6c37611 elementor-widget elementor-widget-text-editor\" data-id=\"6c37611\" data-element_type=\"widget\" data-widget_type=\"text-editor.default\">\n\t\t\t\t\t\t\t\t\t<p>Desde un corto documental hasta un proceso terap\u00e9utico: todo lo que hacemos cuenta una historia que moviliza, conecta y genera impacto.<\/p>\t\t\t\t\t\t\t\t<\/div>\n\t\t\t\t<div class=\"elementor-element elementor-element-09d0395 elementor-align-left elementor-widget elementor-widget-button\" data-id=\"09d0395\" data-element_type=\"widget\" data-widget_type=\"button.default\">\n\t\t\t\t\t\t\t\t\t\t<a class=\"elementor-button elementor-button-link elementor-size-sm elementor-animation-grow\" href=\"#\">\n\t\t\t\t\t\t<span class=\"elementor-button-content-wrapper\">\n\t\t\t\t\t\t<span class=\"elementor-button-icon\">\n\t\t\t\t<svg aria-hidden=\"true\" class=\"e-font-icon-svg e-far-arrow-alt-circle-right\" viewBox=\"0 0 512 512\" xmlns=\"http:\/\/www.w3.org\/2000\/svg\"><path d=\"M504 256C504 119 393 8 256 8S8 119 8 256s111 248 248 248 248-111 248-248zm-448 0c0-110.5 89.5-200 200-200s200 89.5 200 200-89.5 200-200 200S56 366.5 56 256zm72 20v-40c0-6.6 5.4-12 12-12h116v-67c0-10.7 12.9-16 20.5-8.5l99 99c4.7 4.7 4.7 12.3 0 17l-99 99c-7.6 7.6-20.5 2.2-20.5-8.5v-67H140c-6.6 0-12-5.4-12-12z\"><\/path><\/svg>\t\t\t<\/span>\n\t\t\t\t\t\t\t\t\t<span class=\"elementor-button-text\">Descubre OSSINT Productions<\/span>\n\t\t\t\t\t<\/span>\n\t\t\t\t\t<\/a>\n\t\t\t\t\t\t\t\t<\/div>\n\t\t\t\t<\/div>\n\t\t\t\t<\/div>\n\t\t<div class=\"elementor-element elementor-element-4cb9c80 e-con-full e-flex e-con e-child\" data-id=\"4cb9c80\" data-element_type=\"container\">\n\t\t\t\t<div class=\"elementor-element elementor-element-003125d elementor-widget elementor-widget-image\" data-id=\"003125d\" data-element_type=\"widget\" data-widget_type=\"image.default\">\n\t\t\t\t\t\t\t\t\t\t\t\t\t\t\t<img decoding=\"async\" width=\"150\" height=\"150\" src=\"https:\/\/expansionss.com\/wp-content\/uploads\/2026\/01\/autismo-3.png\" class=\"attachment-large size-large wp-image-93\" alt=\"\" \/>\t\t\t\t\t\t\t\t\t\t\t\t\t\t\t<\/div>\n\t\t<div class=\"elementor-element elementor-element-171e36c e-con-full e-flex e-con e-child\" data-id=\"171e36c\" data-element_type=\"container\">\n\t\t\t\t<div class=\"elementor-element elementor-element-1200ff5 elementor-widget elementor-widget-text-editor\" data-id=\"1200ff5\" data-element_type=\"widget\" data-widget_type=\"text-editor.default\">\n\t\t\t\t\t\t\t\t\t<p>Un ecosistema donde la emoci\u00f3n, la creatividad y la innovaci\u00f3n se encuentran para hacer que las empresas crezcan con sentido.<\/p>\t\t\t\t\t\t\t\t<\/div>\n\t\t\t\t<div class=\"elementor-element elementor-element-261e554 elementor-widget elementor-widget-button\" data-id=\"261e554\" data-element_type=\"widget\" data-widget_type=\"button.default\">\n\t\t\t\t\t\t\t\t\t\t<a class=\"elementor-button elementor-button-link elementor-size-sm elementor-animation-grow\" href=\"#\">\n\t\t\t\t\t\t<span class=\"elementor-button-content-wrapper\">\n\t\t\t\t\t\t<span class=\"elementor-button-icon\">\n\t\t\t\t<svg aria-hidden=\"true\" class=\"e-font-icon-svg e-far-arrow-alt-circle-right\" viewBox=\"0 0 512 512\" xmlns=\"http:\/\/www.w3.org\/2000\/svg\"><path d=\"M504 256C504 119 393 8 256 8S8 119 8 256s111 248 248 248 248-111 248-248zm-448 0c0-110.5 89.5-200 200-200s200 89.5 200 200-89.5 200-200 200S56 366.5 56 256zm72 20v-40c0-6.6 5.4-12 12-12h116v-67c0-10.7 12.9-16 20.5-8.5l99 99c4.7 4.7 4.7 12.3 0 17l-99 99c-7.6 7.6-20.5 2.2-20.5-8.5v-67H140c-6.6 0-12-5.4-12-12z\"><\/path><\/svg>\t\t\t<\/span>\n\t\t\t\t\t\t\t\t\t<span class=\"elementor-button-text\">Descubre OSSINT  Expansions<\/span>\n\t\t\t\t\t<\/span>\n\t\t\t\t\t<\/a>\n\t\t\t\t\t\t\t\t<\/div>\n\t\t\t\t<\/div>\n\t\t\t\t<\/div>\n\t\t\t\t<\/div>\n\t\t<div class=\"elementor-element elementor-element-3f45c18 e-con-full e-flex e-con e-parent\" data-id=\"3f45c18\" data-element_type=\"container\" data-settings=\"{&quot;background_background&quot;:&quot;classic&quot;}\">\n\t\t\t\t<div class=\"elementor-element elementor-element-656c850 elementor-widget elementor-widget-spacer\" data-id=\"656c850\" data-element_type=\"widget\" data-widget_type=\"spacer.default\">\n\t\t\t\t\t\t\t<div class=\"elementor-spacer\">\n\t\t\t<div class=\"elementor-spacer-inner\"><\/div>\n\t\t<\/div>\n\t\t\t\t\t\t<\/div>\n\t\t\t\t<div class=\"elementor-element elementor-element-92f5f6d elementor-widget elementor-widget-heading\" data-id=\"92f5f6d\" data-element_type=\"widget\" data-widget_type=\"heading.default\">\n\t\t\t\t\t<h2 class=\"elementor-heading-title elementor-size-default\">ALGUNAS DE NUESTRAS ACTIVIDADES<\/h2>\t\t\t\t<\/div>\n\t\t\t\t<div class=\"elementor-element elementor-element-3461b64 elementor-widget-divider--view-line elementor-widget elementor-widget-divider\" data-id=\"3461b64\" data-element_type=\"widget\" data-widget_type=\"divider.default\">\n\t\t\t\t\t\t\t<div class=\"elementor-divider\">\n\t\t\t<span class=\"elementor-divider-separator\">\n\t\t\t\t\t\t<\/span>\n\t\t<\/div>\n\t\t\t\t\t\t<\/div>\n\t\t<div class=\"elementor-element elementor-element-f9c4c8e e-flex e-con-boxed e-con e-child\" data-id=\"f9c4c8e\" data-element_type=\"container\">\n\t\t\t\t\t<div class=\"e-con-inner\">\n\t\t\t\t<div class=\"elementor-element elementor-element-ed24db2 elementor-widget elementor-widget-text-editor\" data-id=\"ed24db2\" data-element_type=\"widget\" data-widget_type=\"text-editor.default\">\n\t\t\t\t\t\t\t\t\t<p>Este servicio se especializa en la producci\u00f3n comercial y cinematogr\u00e1fica. Contamos con un equipo profesional de imagen y sonido que se encarga de grabar y editar todo el contenido visual de tu marca: desde fotograf\u00eda de producto y videos publicitarios, hasta piezas emocionales que refuerzan tu identidad visual. Adem\u00e1s, como productora desarrollamos proyectos cinematogr\u00e1ficos que van desde cortometrajes hasta largometrajes.<\/p>\t\t\t\t\t\t\t\t<\/div>\n\t\t\t\t\t<\/div>\n\t\t\t\t<\/div>\n\t\t\t\t<\/div>\n\t\t<div class=\"elementor-element elementor-element-a6ac00f e-flex e-con-boxed e-con e-parent\" data-id=\"a6ac00f\" data-element_type=\"container\" data-settings=\"{&quot;background_background&quot;:&quot;classic&quot;}\">\n\t\t\t\t\t<div class=\"e-con-inner\">\n\t\t<div class=\"elementor-element elementor-element-fb10da1 e-con-full e-flex e-con e-child\" data-id=\"fb10da1\" data-element_type=\"container\">\n\t\t\t\t<div class=\"elementor-element elementor-element-2f3774b elementor-widget elementor-widget-image\" data-id=\"2f3774b\" data-element_type=\"widget\" data-widget_type=\"image.default\">\n\t\t\t\t\t\t\t\t\t\t\t\t\t\t\t\t<a href=\"https:\/\/expansionss.com\/?page_id=37\">\n\t\t\t\t\t\t\t<img loading=\"lazy\" decoding=\"async\" width=\"313\" height=\"418\" src=\"https:\/\/expansionss.com\/wp-content\/uploads\/2026\/01\/Rectangle-59.png\" class=\"elementor-animation-grow attachment-large size-large wp-image-95\" alt=\"\" srcset=\"https:\/\/expansionss.com\/wp-content\/uploads\/2026\/01\/Rectangle-59.png 313w, https:\/\/expansionss.com\/wp-content\/uploads\/2026\/01\/Rectangle-59-225x300.png 225w\" sizes=\"(max-width: 313px) 100vw, 313px\" \/>\t\t\t\t\t\t\t\t<\/a>\n\t\t\t\t\t\t\t\t\t\t\t\t\t\t\t<\/div>\n\t\t\t\t<div class=\"elementor-element elementor-element-272fb71 elementor-widget elementor-widget-heading\" data-id=\"272fb71\" data-element_type=\"widget\" data-widget_type=\"heading.default\">\n\t\t\t\t\t<h2 class=\"elementor-heading-title elementor-size-default\">OSSINT HEALTH<\/h2>\t\t\t\t<\/div>\n\t\t\t\t<\/div>\n\t\t<div class=\"elementor-element elementor-element-e4fde43 e-con-full e-flex e-con e-child\" data-id=\"e4fde43\" data-element_type=\"container\">\n\t\t\t\t<div class=\"elementor-element elementor-element-e2715c9 elementor-widget elementor-widget-image\" data-id=\"e2715c9\" data-element_type=\"widget\" data-widget_type=\"image.default\">\n\t\t\t\t\t\t\t\t\t\t\t\t\t\t\t\t<a href=\"https:\/\/expansionss.com\/?page_id=42\">\n\t\t\t\t\t\t\t<img loading=\"lazy\" decoding=\"async\" width=\"313\" height=\"418\" src=\"https:\/\/expansionss.com\/wp-content\/uploads\/2026\/01\/Rectangle-60.png\" class=\"elementor-animation-grow attachment-large size-large wp-image-96\" alt=\"\" srcset=\"https:\/\/expansionss.com\/wp-content\/uploads\/2026\/01\/Rectangle-60.png 313w, https:\/\/expansionss.com\/wp-content\/uploads\/2026\/01\/Rectangle-60-225x300.png 225w\" sizes=\"(max-width: 313px) 100vw, 313px\" \/>\t\t\t\t\t\t\t\t<\/a>\n\t\t\t\t\t\t\t\t\t\t\t\t\t\t\t<\/div>\n\t\t\t\t<div class=\"elementor-element elementor-element-bee6853 elementor-widget elementor-widget-heading\" data-id=\"bee6853\" data-element_type=\"widget\" data-widget_type=\"heading.default\">\n\t\t\t\t\t<h2 class=\"elementor-heading-title elementor-size-default\">OSSINT PRODUCTIONS<\/h2>\t\t\t\t<\/div>\n\t\t\t\t<\/div>\n\t\t<div class=\"elementor-element elementor-element-650ec18 e-con-full e-flex e-con e-child\" data-id=\"650ec18\" data-element_type=\"container\">\n\t\t\t\t<div class=\"elementor-element elementor-element-6c054cc elementor-widget elementor-widget-image\" data-id=\"6c054cc\" data-element_type=\"widget\" data-widget_type=\"image.default\">\n\t\t\t\t\t\t\t\t\t\t\t\t\t\t\t\t<a href=\"https:\/\/expansionss.com\/?page_id=47\">\n\t\t\t\t\t\t\t<img loading=\"lazy\" decoding=\"async\" width=\"313\" height=\"418\" src=\"https:\/\/expansionss.com\/wp-content\/uploads\/2026\/01\/Rectangle-62.png\" class=\"elementor-animation-grow attachment-large size-large wp-image-97\" alt=\"\" srcset=\"https:\/\/expansionss.com\/wp-content\/uploads\/2026\/01\/Rectangle-62.png 313w, https:\/\/expansionss.com\/wp-content\/uploads\/2026\/01\/Rectangle-62-225x300.png 225w\" sizes=\"(max-width: 313px) 100vw, 313px\" \/>\t\t\t\t\t\t\t\t<\/a>\n\t\t\t\t\t\t\t\t\t\t\t\t\t\t\t<\/div>\n\t\t\t\t<div class=\"elementor-element elementor-element-300867c elementor-widget elementor-widget-heading\" data-id=\"300867c\" data-element_type=\"widget\" data-widget_type=\"heading.default\">\n\t\t\t\t\t<h2 class=\"elementor-heading-title elementor-size-default\">OSSINT EXPANSIONS<\/h2>\t\t\t\t<\/div>\n\t\t\t\t<\/div>\n\t\t\t\t\t<\/div>\n\t\t\t\t<\/div>\n\t\t<div class=\"elementor-element elementor-element-482fa7b e-flex e-con-boxed e-con e-parent\" data-id=\"482fa7b\" data-element_type=\"container\" data-settings=\"{&quot;background_background&quot;:&quot;classic&quot;}\">\n\t\t\t\t\t<div class=\"e-con-inner\">\n\t\t<div class=\"elementor-element elementor-element-fe9aa9e e-con-full e-flex e-con e-child\" data-id=\"fe9aa9e\" data-element_type=\"container\">\n\t\t\t\t<div class=\"elementor-element elementor-element-9bf70fd elementor-widget elementor-widget-heading\" data-id=\"9bf70fd\" data-element_type=\"widget\" data-widget_type=\"heading.default\">\n\t\t\t\t\t<h2 class=\"elementor-heading-title elementor-size-default\">OSSINT HEALTH<\/h2>\t\t\t\t<\/div>\n\t\t\t\t<div class=\"elementor-element elementor-element-8fe23a4 elementor-widget elementor-widget-heading\" data-id=\"8fe23a4\" data-element_type=\"widget\" data-widget_type=\"heading.default\">\n\t\t\t\t\t<h2 class=\"elementor-heading-title elementor-size-default\">Cuidar la mente no es opcional. Es cuidar lo que eres y lo que construyes.<\/h2>\t\t\t\t<\/div>\n\t\t\t\t<div class=\"elementor-element elementor-element-b685e4a elementor-widget elementor-widget-button\" data-id=\"b685e4a\" data-element_type=\"widget\" data-widget_type=\"button.default\">\n\t\t\t\t\t\t\t\t\t\t<a class=\"elementor-button elementor-button-link elementor-size-sm elementor-animation-grow\" href=\"#\">\n\t\t\t\t\t\t<span class=\"elementor-button-content-wrapper\">\n\t\t\t\t\t\t<span class=\"elementor-button-icon\">\n\t\t\t\t<svg aria-hidden=\"true\" class=\"e-font-icon-svg e-fas-play-circle\" viewBox=\"0 0 512 512\" xmlns=\"http:\/\/www.w3.org\/2000\/svg\"><path d=\"M256 8C119 8 8 119 8 256s111 248 248 248 248-111 248-248S393 8 256 8zm115.7 272l-176 101c-15.8 8.8-35.7-2.5-35.7-21V152c0-18.4 19.8-29.8 35.7-21l176 107c16.4 9.2 16.4 32.9 0 42z\"><\/path><\/svg>\t\t\t<\/span>\n\t\t\t\t\t\t\t\t\t<span class=\"elementor-button-text\">Ver video<\/span>\n\t\t\t\t\t<\/span>\n\t\t\t\t\t<\/a>\n\t\t\t\t\t\t\t\t<\/div>\n\t\t\t\t<div class=\"elementor-element elementor-element-7633dd4 elementor-widget elementor-widget-text-editor\" data-id=\"7633dd4\" data-element_type=\"widget\" data-widget_type=\"text-editor.default\">\n\t\t\t\t\t\t\t\t\t<p>Este servicio se especializa en la producci\u00f3n comercial y cinematogr\u00e1fica. Contamos con un equipo profesional de imagen y sonido que se encarga de grabar y editar todo el contenido visual de tu marca: desde fotograf\u00eda de producto y videos publicitarios, hasta piezas emocionales que refuerzan tu identidad visual. Adem\u00e1s, como productora desarrollamos proyectos cinematogr\u00e1ficos que van desde cortometrajes hasta largometrajes.<\/p>\t\t\t\t\t\t\t\t<\/div>\n\t\t\t\t<\/div>\n\t\t<div class=\"elementor-element elementor-element-537a55c e-con-full e-flex e-con e-child\" data-id=\"537a55c\" data-element_type=\"container\">\n\t\t\t\t<div class=\"elementor-element elementor-element-367480d elementor-widget elementor-widget-video\" data-id=\"367480d\" data-element_type=\"widget\" data-settings=\"{&quot;youtube_url&quot;:&quot;https:\\\/\\\/www.youtube.com\\\/watch?v=XHOmBV4js_E&quot;,&quot;show_image_overlay&quot;:&quot;yes&quot;,&quot;image_overlay&quot;:{&quot;url&quot;:&quot;https:\\\/\\\/elbandocreativo.com\\\/ossint\\\/wp-content\\\/uploads\\\/2026\\\/01\\\/Rectangle-68.png&quot;,&quot;id&quot;:118,&quot;size&quot;:&quot;&quot;,&quot;alt&quot;:&quot;&quot;,&quot;source&quot;:&quot;library&quot;},&quot;video_type&quot;:&quot;youtube&quot;,&quot;controls&quot;:&quot;yes&quot;}\" data-widget_type=\"video.default\">\n\t\t\t\t\t\t\t<div class=\"elementor-wrapper elementor-open-inline\">\n\t\t\t<div class=\"elementor-video\"><\/div>\t\t\t\t<div class=\"elementor-custom-embed-image-overlay\" style=\"background-image: url(https:\/\/expansionss.com\/wp-content\/uploads\/2026\/01\/Rectangle-68.png);\">\n\t\t\t\t\t\t\t\t\t\t\t\t\t\t\t\t<div class=\"elementor-custom-embed-play\" role=\"button\" aria-label=\"Reproducir v\u00eddeo\" tabindex=\"0\">\n\t\t\t\t\t\t\t<svg aria-hidden=\"true\" class=\"e-font-icon-svg e-eicon-play\" viewBox=\"0 0 1000 1000\" xmlns=\"http:\/\/www.w3.org\/2000\/svg\"><path d=\"M838 162C746 71 633 25 500 25 371 25 258 71 163 162 71 254 25 367 25 500 25 633 71 746 163 837 254 929 367 979 500 979 633 979 746 933 838 837 929 746 975 633 975 500 975 367 929 254 838 162M808 192C892 279 933 379 933 500 933 621 892 725 808 808 725 892 621 938 500 938 379 938 279 896 196 808 113 725 67 621 67 500 67 379 108 279 196 192 279 108 383 62 500 62 621 62 721 108 808 192M438 392V642L642 517 438 392Z\"><\/path><\/svg>\t\t\t\t\t\t<\/div>\n\t\t\t\t\t\t\t\t\t<\/div>\n\t\t\t\t\t<\/div>\n\t\t\t\t\t\t<\/div>\n\t\t\t\t<div class=\"elementor-element elementor-element-5ebac2b elementor-widget elementor-widget-video\" data-id=\"5ebac2b\" data-element_type=\"widget\" data-settings=\"{&quot;youtube_url&quot;:&quot;https:\\\/\\\/www.youtube.com\\\/watch?v=XHOmBV4js_E&quot;,&quot;show_image_overlay&quot;:&quot;yes&quot;,&quot;image_overlay&quot;:{&quot;url&quot;:&quot;https:\\\/\\\/elbandocreativo.com\\\/ossint\\\/wp-content\\\/uploads\\\/2026\\\/01\\\/Rectangle-69.png&quot;,&quot;id&quot;:119,&quot;size&quot;:&quot;&quot;,&quot;alt&quot;:&quot;&quot;,&quot;source&quot;:&quot;library&quot;},&quot;video_type&quot;:&quot;youtube&quot;,&quot;controls&quot;:&quot;yes&quot;}\" data-widget_type=\"video.default\">\n\t\t\t\t\t\t\t<div class=\"elementor-wrapper elementor-open-inline\">\n\t\t\t<div class=\"elementor-video\"><\/div>\t\t\t\t<div class=\"elementor-custom-embed-image-overlay\" style=\"background-image: url(https:\/\/expansionss.com\/wp-content\/uploads\/2026\/01\/Rectangle-69.png);\">\n\t\t\t\t\t\t\t\t\t\t\t\t\t\t\t\t<div class=\"elementor-custom-embed-play\" role=\"button\" aria-label=\"Reproducir v\u00eddeo\" tabindex=\"0\">\n\t\t\t\t\t\t\t<svg aria-hidden=\"true\" class=\"e-font-icon-svg e-eicon-play\" viewBox=\"0 0 1000 1000\" xmlns=\"http:\/\/www.w3.org\/2000\/svg\"><path d=\"M838 162C746 71 633 25 500 25 371 25 258 71 163 162 71 254 25 367 25 500 25 633 71 746 163 837 254 929 367 979 500 979 633 979 746 933 838 837 929 746 975 633 975 500 975 367 929 254 838 162M808 192C892 279 933 379 933 500 933 621 892 725 808 808 725 892 621 938 500 938 379 938 279 896 196 808 113 725 67 621 67 500 67 379 108 279 196 192 279 108 383 62 500 62 621 62 721 108 808 192M438 392V642L642 517 438 392Z\"><\/path><\/svg>\t\t\t\t\t\t<\/div>\n\t\t\t\t\t\t\t\t\t<\/div>\n\t\t\t\t\t<\/div>\n\t\t\t\t\t\t<\/div>\n\t\t\t\t<\/div>\n\t\t\t\t\t<\/div>\n\t\t\t\t<\/div>\n\t\t\t\t<\/div>\n\t\t","protected":false},"excerpt":{"rendered":"<p>OSSINT No solo crezcas. Inspira. No solo vendas. Impacta En Organizaci\u00f3n Sergio Santacruz Internacional ofrecemos tres servicios pensados para ayudarte a crecer: bienestar emocional, producci\u00f3n audiovisual y publicidad. Puedes elegir cada uno por separado o combinarlos seg\u00fan lo que tu proyecto necesite, ya seas una empresa o un profesional independiente. 01 Un ecosistema donde la [&hellip;]<\/p>\n","protected":false},"author":1,"featured_media":0,"parent":0,"menu_order":0,"comment_status":"closed","ping_status":"closed","template":"","meta":{"footnotes":""},"class_list":["post-20","page","type-page","status-publish","hentry"],"_links":{"self":[{"href":"https:\/\/expansionss.com\/index.php?rest_route=\/wp\/v2\/pages\/20","targetHints":{"allow":["GET"]}}],"collection":[{"href":"https:\/\/expansionss.com\/index.php?rest_route=\/wp\/v2\/pages"}],"about":[{"href":"https:\/\/expansionss.com\/index.php?rest_route=\/wp\/v2\/types\/page"}],"author":[{"embeddable":true,"href":"https:\/\/expansionss.com\/index.php?rest_route=\/wp\/v2\/users\/1"}],"replies":[{"embeddable":true,"href":"https:\/\/expansionss.com\/index.php?rest_route=%2Fwp%2Fv2%2Fcomments&post=20"}],"version-history":[{"count":41,"href":"https:\/\/expansionss.com\/index.php?rest_route=\/wp\/v2\/pages\/20\/revisions"}],"predecessor-version":[{"id":280,"href":"https:\/\/expansionss.com\/index.php?rest_route=\/wp\/v2\/pages\/20\/revisions\/280"}],"wp:attachment":[{"href":"https:\/\/expansionss.com\/index.php?rest_route=%2Fwp%2Fv2%2Fmedia&parent=20"}],"curies":[{"name":"wp","href":"https:\/\/api.w.org\/{rel}","templated":true}]}}